{"id":88,"date":"2022-09-21T22:24:24","date_gmt":"2022-09-21T20:24:24","guid":{"rendered":"http:\/\/armorfreechapter.fr\/afc\/?page_id=88"},"modified":"2023-12-14T19:33:26","modified_gmt":"2023-12-14T18:33:26","slug":"les-free-chapters","status":"publish","type":"page","link":"https:\/\/armorfreechapter.fr\/afc\/index.php\/les-free-chapters\/","title":{"rendered":"LES FREE CHAPTERS"},"content":{"rendered":"\n<p>Les Free Chapters ont \u00e9t\u00e9 cr\u00e9\u00e9s par HARLEY, ancien directeur du HOG Bordeaux. Souhaitant s&#8217;\u00e9manciper des concessions HARLEY-DAVIDSON, il a cr\u00e9\u00e9 le premier Free Chapter Bordeaux (1st).<\/p>\n\n\n\n<p>Ensuite de nombreux Free Chapters ont vu le jour, tout d&#8217;abord en France et rapidement ailleurs en Europe, et plus tard dans d&#8217;autres pays, de l&#8217;Afrique du sud au Canada, en passant par la Russie et le Vietnam.<\/p>\n\n\n\n<p>Aujourd&#8217;hui, il existe plus de 200 Free Chapters dans le monde.<\/p>\n\n\n<div class=\"wp-block-image\">\n<figure class=\"aligncenter is-resized\"><img loading=\"lazy\" decoding=\"async\" width=\"300\" height=\"300\" src=\"https:\/\/armorfreechapter.fr\/afc\/wp-content\/uploads\/2022\/09\/First-bordeaux.jpg\" alt=\"\" class=\"wp-image-89\" style=\"width:383px;height:383px\" srcset=\"https:\/\/armorfreechapter.fr\/afc\/wp-content\/uploads\/2022\/09\/First-bordeaux.jpg 300w, https:\/\/armorfreechapter.fr\/afc\/wp-content\/uploads\/2022\/09\/First-bordeaux-150x150.jpg 150w\" sizes=\"auto, (max-width: 300px) 100vw, 300px\" \/><figcaption class=\"wp-element-caption\"><em><a href=\"http:\/\/1bordeauxfreechapter.fr\/public\/\">1st Bordeaux Free Chapter (1bordeauxfreechapter.fr)<\/a><\/em><\/figcaption><\/figure>\n<\/div>\n\n\n<div class=\"wp-block-media-text alignwide is-stacked-on-mobile\"><figure class=\"wp-block-media-text__media\"><img loading=\"lazy\" decoding=\"async\" width=\"1024\" height=\"425\" src=\"https:\/\/armorfreechapter.fr\/afc\/wp-content\/uploads\/2022\/09\/ARMORCOLORS-1024x425-1.jpg\" alt=\"\" class=\"wp-image-132 size-full\" srcset=\"https:\/\/armorfreechapter.fr\/afc\/wp-content\/uploads\/2022\/09\/ARMORCOLORS-1024x425-1.jpg 1024w, https:\/\/armorfreechapter.fr\/afc\/wp-content\/uploads\/2022\/09\/ARMORCOLORS-1024x425-1-300x125.jpg 300w, https:\/\/armorfreechapter.fr\/afc\/wp-content\/uploads\/2022\/09\/ARMORCOLORS-1024x425-1-768x319.jpg 768w\" sizes=\"auto, (max-width: 1024px) 100vw, 1024px\" \/><\/figure><div class=\"wp-block-media-text__content\">\n<p><a href=\"https:\/\/1bordeauxfreechapter.fr\/public\/remise-des-couleurs-armor-free-chapter\/\">1st Bordeaux Free Chapter \u2013 Remise des Couleurs Armor Free Chapter (1bordeauxfreechapter.fr)<\/a><\/p>\n\n\n\n<p><\/p>\n<\/div><\/div>\n\n\n\n<div class=\"wp-block-media-text is-stacked-on-mobile\"><figure class=\"wp-block-media-text__media\"><img loading=\"lazy\" decoding=\"async\" width=\"834\" height=\"886\" src=\"https:\/\/armorfreechapter.fr\/afc\/wp-content\/uploads\/2023\/12\/Free-Chapter-France.jpg\" alt=\"\" class=\"wp-image-793 size-full\" srcset=\"https:\/\/armorfreechapter.fr\/afc\/wp-content\/uploads\/2023\/12\/Free-Chapter-France.jpg 834w, https:\/\/armorfreechapter.fr\/afc\/wp-content\/uploads\/2023\/12\/Free-Chapter-France-282x300.jpg 282w, https:\/\/armorfreechapter.fr\/afc\/wp-content\/uploads\/2023\/12\/Free-Chapter-France-768x816.jpg 768w\" sizes=\"auto, (max-width: 834px) 100vw, 834px\" \/><\/figure><div class=\"wp-block-media-text__content\">\n<p><a href=\"https:\/\/www.facebook.com\/groups\/219838422117546\/\">FREE CHAPTER FRANCE &#8211; Page Facebook<\/a><\/p>\n<\/div><\/div>\n","protected":false},"excerpt":{"rendered":"<p>Les Free Chapters ont \u00e9t\u00e9 cr\u00e9\u00e9s par HARLEY, ancien directeur du HOG Bordeaux. Souhaitant s&#8217;\u00e9manciper des concessions HARLEY-DAVIDSON, il a cr\u00e9\u00e9 le premier Free Chapter Bordeaux (1st). Ensuite de nombreux Free Chapters ont vu le jour, tout d&#8217;abord en France et rapidement ailleurs en Europe, et plus tard dans d&#8217;autres [&hellip;]<\/p>\n","protected":false},"author":1,"featured_media":0,"parent":0,"menu_order":0,"comment_status":"closed","ping_status":"closed","template":"","meta":{"footnotes":""},"class_list":["post-88","page","type-page","status-publish","hentry"],"_links":{"self":[{"href":"https:\/\/armorfreechapter.fr\/afc\/index.php\/wp-json\/wp\/v2\/pages\/88","targetHints":{"allow":["GET"]}}],"collection":[{"href":"https:\/\/armorfreechapter.fr\/afc\/index.php\/wp-json\/wp\/v2\/pages"}],"about":[{"href":"https:\/\/armorfreechapter.fr\/afc\/index.php\/wp-json\/wp\/v2\/types\/page"}],"author":[{"embeddable":true,"href":"https:\/\/armorfreechapter.fr\/afc\/index.php\/wp-json\/wp\/v2\/users\/1"}],"replies":[{"embeddable":true,"href":"https:\/\/armorfreechapter.fr\/afc\/index.php\/wp-json\/wp\/v2\/comments?post=88"}],"version-history":[{"count":6,"href":"https:\/\/armorfreechapter.fr\/afc\/index.php\/wp-json\/wp\/v2\/pages\/88\/revisions"}],"predecessor-version":[{"id":799,"href":"https:\/\/armorfreechapter.fr\/afc\/index.php\/wp-json\/wp\/v2\/pages\/88\/revisions\/799"}],"wp:attachment":[{"href":"https:\/\/armorfreechapter.fr\/afc\/index.php\/wp-json\/wp\/v2\/media?parent=88"}],"curies":[{"name":"wp","href":"https:\/\/api.w.org\/{rel}","templated":true}]}}