{"id":72,"date":"2022-09-20T22:57:36","date_gmt":"2022-09-20T20:57:36","guid":{"rendered":"http:\/\/armorfreechapter.fr\/afc\/?page_id=72"},"modified":"2022-09-22T22:34:20","modified_gmt":"2022-09-22T20:34:20","slug":"larmor-free-chapter","status":"publish","type":"page","link":"https:\/\/armorfreechapter.fr\/afc\/index.php\/larmor-free-chapter\/","title":{"rendered":"L&#8217;ARMOR FREE CHAPTER"},"content":{"rendered":"\n<p class=\"has-black-color has-text-color\">Notre Free Chapter a \u00e9t\u00e9 fond\u00e9 par 2 anciens membres du <a href=\"https:\/\/roazhon-free-chapter.xooit.fr\/index.php\"><strong>Roazhon Free Chapter<\/strong>:<\/a> LOULOU et PUPUCE.<\/p>\n\n\n\n<p>Il est n\u00e9 en 2012, initialement localis\u00e9 sur Saint-Brieuc, l&#8217;association a int\u00e9gr\u00e9 au fil du temps, de  nouveaux membres des autres d\u00e9partements bretons. Le club compte aujourd&#8217;hui 35 membres.<\/p>\n\n\n<div class=\"wp-block-image\">\n<figure class=\"aligncenter size-full\"><img loading=\"lazy\" decoding=\"async\" width=\"437\" height=\"437\" src=\"https:\/\/armorfreechapter.fr\/afc\/wp-content\/uploads\/2022\/09\/Logo-AFC-couleur.jpg\" alt=\"\" class=\"wp-image-129\" srcset=\"https:\/\/armorfreechapter.fr\/afc\/wp-content\/uploads\/2022\/09\/Logo-AFC-couleur.jpg 437w, https:\/\/armorfreechapter.fr\/afc\/wp-content\/uploads\/2022\/09\/Logo-AFC-couleur-300x300.jpg 300w, https:\/\/armorfreechapter.fr\/afc\/wp-content\/uploads\/2022\/09\/Logo-AFC-couleur-150x150.jpg 150w\" sizes=\"auto, (max-width: 437px) 100vw, 437px\" \/><figcaption><em>Notre logo<\/em><\/figcaption><\/figure>\n<\/div>\n\n\n<h2 class=\"wp-block-heading\">Comment entrer dans le Chapter?<\/h2>\n\n\n\n<p>Le processus d&#8217;entr\u00e9e dans le club consiste en 3 \u00e9tapes :<\/p>\n\n\n\n<ol class=\"wp-block-list\"><li>Une rencontre avec le bureau au cours de laquelle, le postulant exprime sa motivation. Le bureau donne alors son accord (ou pas) au postulant.<\/li><li>Le nouveau venu int\u00e8gre alors le club sous l&#8217;appellation PADAWAN, il doit en effet faire ses preuves et organiser au moins 1 weekend moto.<\/li><li>Lors de ce weekend, il est intronis\u00e9 officiellement au cours d&#8217;une c\u00e9r\u00e9monie.<\/li><\/ol>\n","protected":false},"excerpt":{"rendered":"<p>Notre Free Chapter a \u00e9t\u00e9 fond\u00e9 par 2 anciens membres du Roazhon Free Chapter: LOULOU et PUPUCE. Il est n\u00e9 en 2012, initialement localis\u00e9 sur Saint-Brieuc, l&#8217;association a int\u00e9gr\u00e9 au fil du temps, de nouveaux membres des autres d\u00e9partements bretons. Le club compte aujourd&#8217;hui 35 membres. Comment entrer dans le [&hellip;]<\/p>\n","protected":false},"author":1,"featured_media":0,"parent":0,"menu_order":0,"comment_status":"closed","ping_status":"closed","template":"","meta":{"footnotes":""},"class_list":["post-72","page","type-page","status-publish","hentry"],"_links":{"self":[{"href":"https:\/\/armorfreechapter.fr\/afc\/index.php\/wp-json\/wp\/v2\/pages\/72","targetHints":{"allow":["GET"]}}],"collection":[{"href":"https:\/\/armorfreechapter.fr\/afc\/index.php\/wp-json\/wp\/v2\/pages"}],"about":[{"href":"https:\/\/armorfreechapter.fr\/afc\/index.php\/wp-json\/wp\/v2\/types\/page"}],"author":[{"embeddable":true,"href":"https:\/\/armorfreechapter.fr\/afc\/index.php\/wp-json\/wp\/v2\/users\/1"}],"replies":[{"embeddable":true,"href":"https:\/\/armorfreechapter.fr\/afc\/index.php\/wp-json\/wp\/v2\/comments?post=72"}],"version-history":[{"count":2,"href":"https:\/\/armorfreechapter.fr\/afc\/index.php\/wp-json\/wp\/v2\/pages\/72\/revisions"}],"predecessor-version":[{"id":130,"href":"https:\/\/armorfreechapter.fr\/afc\/index.php\/wp-json\/wp\/v2\/pages\/72\/revisions\/130"}],"wp:attachment":[{"href":"https:\/\/armorfreechapter.fr\/afc\/index.php\/wp-json\/wp\/v2\/media?parent=72"}],"curies":[{"name":"wp","href":"https:\/\/api.w.org\/{rel}","templated":true}]}}