{"id":7,"date":"2022-09-12T22:25:51","date_gmt":"2022-09-12T20:25:51","guid":{"rendered":"http:\/\/armorfreechapter.fr\/afc\/?page_id=7"},"modified":"2025-05-16T21:26:05","modified_gmt":"2025-05-16T19:26:05","slug":"accueil","status":"publish","type":"page","link":"https:\/\/armorfreechapter.fr\/afc\/","title":{"rendered":"Accueil"},"content":{"rendered":"\n<div class=\"wp-block-cover alignfull is-light\" style=\"min-height:700px;aspect-ratio:unset;\"><span aria-hidden=\"true\" class=\"wp-block-cover__background has-background-dim-0 has-background-dim\"><\/span><video class=\"wp-block-cover__video-background intrinsic-ignore\" autoplay muted loop playsinline src=\"https:\/\/armorfreechapter.fr\/afc\/wp-content\/uploads\/2022\/09\/VID-20220918-WA0304_Trim.mp4\" data-object-fit=\"cover\"><\/video><div class=\"wp-block-cover__inner-container is-layout-flow wp-block-cover-is-layout-flow\">\n<div style=\"height:80px\" aria-hidden=\"true\" class=\"wp-block-spacer\"><\/div>\n\n\n\n<h1 class=\"wp-block-heading has-text-align-center has-text-color\" style=\"color:#121212\">Allways riding<\/h1>\n\n\n\n<p class=\"has-text-align-center has-text-color has-medium-font-size\" style=\"color:#121212\"><strong>But on a HARLEY DAVIDSON only<\/strong>  !!!<\/p>\n\n\n\n<div class=\"wp-block-buttons is-content-justification-center is-layout-flex wp-container-core-buttons-is-layout-16018d1d wp-block-buttons-is-layout-flex\">\n<div class=\"wp-block-button is-style-primary\"><a class=\"wp-block-button__link wp-element-button\" href=\"https:\/\/armorfreechapter.fr\/afc\/index.php\/larmor-free-chapter\/\">LEARN MORE<\/a><\/div>\n\n\n\n<div class=\"wp-block-button is-style-secondary\"><a class=\"wp-block-button__link wp-element-button\" href=\"https:\/\/armorfreechapter.fr\/afc\/index.php\/nos-motos\/\">NOS MOTOS<\/a><\/div>\n<\/div>\n\n\n\n<div style=\"height:80px\" aria-hidden=\"true\" class=\"wp-block-spacer\"><\/div>\n\n\n\n<div style=\"height:80px\" aria-hidden=\"true\" class=\"wp-block-spacer\"><\/div>\n<\/div><\/div>\n\n\n\n<hr class=\"wp-block-separator has-text-color has-white-color has-alpha-channel-opacity has-white-background-color has-background\"\/>\n\n\n\n<div class=\"wp-block-columns is-layout-flex wp-container-core-columns-is-layout-9d6595d7 wp-block-columns-is-layout-flex\">\n<div class=\"wp-block-column is-layout-flow wp-block-column-is-layout-flow\"><div class=\"wp-block-image\">\n<figure class=\"aligncenter size-full is-resized\"><a href=\"https:\/\/armorfreechapter.fr\/afc\/index.php\/les-free-chapters\/\"><img loading=\"lazy\" decoding=\"async\" width=\"119\" height=\"158\" src=\"https:\/\/armorfreechapter.fr\/afc\/wp-content\/uploads\/2022\/09\/63.png\" alt=\"\" class=\"wp-image-113\" style=\"width:185px;height:244px\"\/><\/a><figcaption class=\"wp-element-caption\"><em>World Free Chapter<\/em><\/figcaption><\/figure>\n<\/div>\n\n\n<h3 class=\"wp-block-heading has-text-align-center has-neve-text-color-color has-text-color\">LES FREE CHAPTERS<\/h3>\n\n\n\n<p class=\"has-text-align-center\">Les free chapters sont n\u00e9s du besoin de prendre une ind\u00e9pendance vis&#8230;<\/p>\n\n\n\n<div style=\"height:20px\" aria-hidden=\"true\" class=\"wp-block-spacer\"><\/div>\n<\/div>\n\n\n\n<div class=\"wp-block-column is-vertically-aligned-center is-layout-flow wp-block-column-is-layout-flow\"><div class=\"wp-block-image icon-style is-style-default\">\n<figure class=\"aligncenter size-medium\"><a href=\"https:\/\/armorfreechapter.fr\/afc\/index.php\/les-membres\/\"><img loading=\"lazy\" decoding=\"async\" width=\"300\" height=\"161\" src=\"https:\/\/armorfreechapter.fr\/afc\/wp-content\/uploads\/2022\/09\/Gps3-300x161.jpg\" alt=\"\" class=\"wp-image-186\" srcset=\"https:\/\/armorfreechapter.fr\/afc\/wp-content\/uploads\/2022\/09\/Gps3-300x161.jpg 300w, https:\/\/armorfreechapter.fr\/afc\/wp-content\/uploads\/2022\/09\/Gps3-1024x551.jpg 1024w, https:\/\/armorfreechapter.fr\/afc\/wp-content\/uploads\/2022\/09\/Gps3-768x413.jpg 768w, https:\/\/armorfreechapter.fr\/afc\/wp-content\/uploads\/2022\/09\/Gps3-1536x826.jpg 1536w, https:\/\/armorfreechapter.fr\/afc\/wp-content\/uploads\/2022\/09\/Gps3-2048x1102.jpg 2048w\" sizes=\"auto, (max-width: 300px) 100vw, 300px\" \/><\/a><figcaption class=\"wp-element-caption\"><em>Tronches de Bikers<\/em><\/figcaption><\/figure>\n<\/div>\n\n\n<h3 class=\"wp-block-heading has-text-align-center has-neve-text-color-color has-text-color\">LES MEMBRES<\/h3>\n\n\n\n<p class=\"has-text-align-center\">Des fondateurs aux nouveaux padawans, ils sont tous l\u00e0<\/p>\n\n\n\n<div style=\"height:20px\" aria-hidden=\"true\" class=\"wp-block-spacer\"><\/div>\n<\/div>\n\n\n\n<div class=\"wp-block-column is-layout-flow wp-block-column-is-layout-flow\"><div class=\"wp-block-image icon-style is-style-default\">\n<figure class=\"aligncenter size-medium is-resized\"><a href=\"https:\/\/armorfreechapter.fr\/afc\/index.php\/nos-evenements\/\"><img loading=\"lazy\" decoding=\"async\" width=\"217\" height=\"300\" src=\"https:\/\/armorfreechapter.fr\/afc\/wp-content\/uploads\/2022\/09\/Afficher-10-ans-1-217x300.jpg\" alt=\"\" class=\"wp-image-121\" style=\"width:-27px;height:-37px\" srcset=\"https:\/\/armorfreechapter.fr\/afc\/wp-content\/uploads\/2022\/09\/Afficher-10-ans-1-217x300.jpg 217w, https:\/\/armorfreechapter.fr\/afc\/wp-content\/uploads\/2022\/09\/Afficher-10-ans-1-742x1024.jpg 742w, https:\/\/armorfreechapter.fr\/afc\/wp-content\/uploads\/2022\/09\/Afficher-10-ans-1-768x1060.jpg 768w, https:\/\/armorfreechapter.fr\/afc\/wp-content\/uploads\/2022\/09\/Afficher-10-ans-1.jpg 794w\" sizes=\"auto, (max-width: 217px) 100vw, 217px\" \/><\/a><figcaption class=\"wp-element-caption\"><em>Les 10 ans de L&#8217;Armor<\/em><\/figcaption><\/figure>\n<\/div>\n\n\n<h3 class=\"wp-block-heading has-text-align-center has-neve-text-color-color has-text-color\">LES EVENEMENTS <\/h3>\n\n\n\n<p class=\"has-text-align-center\">Depuis la cr\u00e9ation en 2012, les \u00e9v\u00e8nements n&#8217;ont pas manqu\u00e9s, en voici quelques-uns<\/p>\n\n\n\n<div style=\"height:20px\" aria-hidden=\"true\" class=\"wp-block-spacer\"><\/div>\n<\/div>\n\n\n\n<div class=\"wp-block-column is-layout-flow wp-block-column-is-layout-flow\"><div class=\"wp-block-image icon-style is-style-default\">\n<figure class=\"aligncenter size-medium is-resized\"><a href=\"https:\/\/armorfreechapter.fr\/afc\/index.php\/la-charte-des-free-chapters\/\"><img loading=\"lazy\" decoding=\"async\" width=\"216\" height=\"300\" src=\"https:\/\/armorfreechapter.fr\/afc\/wp-content\/uploads\/2024\/12\/Charte-FC-1-216x300.jpg\" alt=\"\" class=\"wp-image-1032\" style=\"width:-27px;height:-37px\" srcset=\"https:\/\/armorfreechapter.fr\/afc\/wp-content\/uploads\/2024\/12\/Charte-FC-1-216x300.jpg 216w, https:\/\/armorfreechapter.fr\/afc\/wp-content\/uploads\/2024\/12\/Charte-FC-1.jpg 612w\" sizes=\"auto, (max-width: 216px) 100vw, 216px\" \/><\/a><\/figure>\n<\/div>\n\n\n<h3 class=\"wp-block-heading has-text-align-center has-neve-text-color-color has-text-color\">LA CHARTE<\/h3>\n\n\n\n<p class=\"has-text-align-center\">La charte <\/p>\n\n\n\n<p class=\"has-text-align-center\">des Free Chapters: <\/p>\n\n\n\n<p class=\"has-text-align-center\">A lire et relire&#8230;<\/p>\n\n\n\n<div style=\"height:20px\" aria-hidden=\"true\" class=\"wp-block-spacer\"><\/div>\n<\/div>\n<\/div>\n\n\n\n<div class=\"wp-block-cover alignfull is-light\" style=\"min-height:684px;aspect-ratio:unset;\"><span aria-hidden=\"true\" class=\"wp-block-cover__background has-nv-light-bg-background-color has-background-dim-100 has-background-dim\"><\/span><div class=\"wp-block-cover__inner-container is-layout-flow wp-block-cover-is-layout-flow\">\n<h2 class=\"wp-block-heading has-text-align-center has-white-color has-text-color\"><strong><em>Paroles de Free&#8230;<\/em><\/strong><\/h2>\n\n\n\n<div class=\"wp-block-columns is-layout-flex wp-container-core-columns-is-layout-9d6595d7 wp-block-columns-is-layout-flex\">\n<div class=\"wp-block-column is-layout-flow wp-block-column-is-layout-flow\"><div class=\"wp-block-image is-style-rounded\">\n<figure class=\"aligncenter size-thumbnail\"><img loading=\"lazy\" decoding=\"async\" width=\"150\" height=\"150\" src=\"https:\/\/armorfreechapter.fr\/afc\/wp-content\/uploads\/2022\/09\/pupuce2-150x150.jpg\" alt=\"\" class=\"wp-image-108\"\/><\/figure>\n<\/div>\n\n\n<p class=\"has-text-align-center has-white-color has-text-color has-normal-font-size\">\u201cDes passionn\u00e9s de Harley Davidson r\u00e9unis par l&#8217;esprit Free Chapter pour partager des kilom\u00e8tres de route et des moments festifs\u201d<\/p>\n\n\n\n<p class=\"has-text-align-center has-white-color has-text-color\">PUPUCE <\/p>\n\n\n\n<p class=\"has-text-align-center has-white-color has-text-color\">(Fondateur)<\/p>\n\n\n\n<p><\/p>\n<\/div>\n\n\n\n<div class=\"wp-block-column is-layout-flow wp-block-column-is-layout-flow\"><div class=\"wp-block-image is-style-rounded\">\n<figure class=\"aligncenter size-thumbnail\"><img loading=\"lazy\" decoding=\"async\" width=\"150\" height=\"150\" src=\"https:\/\/armorfreechapter.fr\/afc\/wp-content\/uploads\/2022\/09\/IMG-20220918-WA0243-150x150.jpg\" alt=\"\" class=\"wp-image-102\"\/><\/figure>\n<\/div>\n\n\n<p class=\"has-text-align-center has-white-color has-text-color has-normal-font-size\">\u201cL&#8217;Armor Free Chapter fond\u00e9 par des passionn\u00e9s, partageant les valeurs de camaraderie, de solidarit\u00e9 et d&#8217;humilit\u00e9. Un seul mot d&#8217;ordre: Prendre du plaisir \u00e0 se retrouver pour une balade avec nos b\u00e9canes!\u201d<\/p>\n\n\n\n<p class=\"has-text-align-center has-white-color has-text-color\">LOULOU <\/p>\n\n\n\n<p class=\"has-text-align-center has-white-color has-text-color\">(Fondateur)<\/p>\n\n\n\n<p><\/p>\n<\/div>\n\n\n\n<div class=\"wp-block-column is-layout-flow wp-block-column-is-layout-flow\"><div class=\"wp-block-image is-style-rounded\">\n<figure class=\"aligncenter size-thumbnail\"><img loading=\"lazy\" decoding=\"async\" width=\"150\" height=\"150\" src=\"https:\/\/armorfreechapter.fr\/afc\/wp-content\/uploads\/2022\/09\/choubaka-150x150.jpg\" alt=\"\" class=\"wp-image-106\"\/><\/figure>\n<\/div>\n\n\n<p class=\"has-text-align-center has-white-color has-text-color has-normal-font-size\">\u201cL&#8217;Armor Free Chapter est un club de bikers sympa, on roule en couple ou en single, femme ou homme au guidon. L&#8217;Armor c&#8217;est la fraternit\u00e9, la solidarit\u00e9, c&#8217;est un \u00e9tat d&#8217;esprit\u201d<\/p>\n\n\n\n<p class=\"has-text-align-center has-white-color has-text-color\">CHOUBAKA <\/p>\n\n\n\n<p class=\"has-text-align-center has-white-color has-text-color\">(Directeur)<\/p>\n<\/div>\n<\/div>\n<\/div><\/div>\n\n\n\n<div class=\"wp-block-cover alignfull is-light\" style=\"min-height:517px;aspect-ratio:unset;\"><span aria-hidden=\"true\" class=\"wp-block-cover__background has-nv-light-bg-background-color has-background-dim-100 has-background-dim\"><\/span><div class=\"wp-block-cover__inner-container is-layout-flow wp-block-cover-is-layout-flow\">\n<div class=\"wp-block-group\"><div class=\"wp-block-group__inner-container is-layout-flow wp-block-group-is-layout-flow\">\n<div class=\"wp-block-columns are-vertically-aligned-center is-layout-flex wp-container-core-columns-is-layout-9d6595d7 wp-block-columns-is-layout-flex\">\n<div class=\"wp-block-column is-vertically-aligned-center is-layout-flow wp-block-column-is-layout-flow\" style=\"flex-basis:50%\">\n<div class=\"wp-block-cover is-light\"><span aria-hidden=\"true\" class=\"wp-block-cover__background has-background-dim\"><\/span><div class=\"wp-block-cover__inner-container is-layout-flow wp-block-cover-is-layout-flow\">\n<div class=\"wp-block-group\"><div class=\"wp-block-group__inner-container is-layout-flow wp-block-group-is-layout-flow\"><\/div><\/div>\n\n\n\n<figure class=\"wp-block-image size-full\"><img loading=\"lazy\" decoding=\"async\" width=\"1394\" height=\"840\" src=\"https:\/\/armorfreechapter.fr\/afc\/wp-content\/uploads\/2022\/09\/CVO-SG-2022.jpg\" alt=\"\" class=\"wp-image-100\" srcset=\"https:\/\/armorfreechapter.fr\/afc\/wp-content\/uploads\/2022\/09\/CVO-SG-2022.jpg 1394w, https:\/\/armorfreechapter.fr\/afc\/wp-content\/uploads\/2022\/09\/CVO-SG-2022-300x181.jpg 300w, https:\/\/armorfreechapter.fr\/afc\/wp-content\/uploads\/2022\/09\/CVO-SG-2022-1024x617.jpg 1024w, https:\/\/armorfreechapter.fr\/afc\/wp-content\/uploads\/2022\/09\/CVO-SG-2022-768x463.jpg 768w\" sizes=\"auto, (max-width: 1394px) 100vw, 1394px\" \/><\/figure>\n<\/div><\/div>\n<\/div>\n\n\n\n<div class=\"wp-block-column is-vertically-aligned-center has-white-color has-text-color is-layout-flow wp-block-column-is-layout-flow\" style=\"flex-basis:50%\">\n<div style=\"height:20px\" aria-hidden=\"true\" class=\"wp-block-spacer\"><\/div>\n\n\n\n<h2 class=\"wp-block-heading has-text-align-left has-neve-text-color-color has-text-color\">Nos motos<\/h2>\n\n\n\n<p class=\"has-text-align-left has-neve-text-color-color has-text-color\" style=\"font-size:17px\">Passionn\u00e9s de Harley Davidson, tous les mod\u00e8les sont repr\u00e9sent\u00e9s dans notre Free Chapter, des plus anciens au derniers mod\u00e8les sortis par la Motor Company. <\/p>\n\n\n\n<div class=\"wp-block-buttons is-content-justification-left is-layout-flex wp-container-core-buttons-is-layout-fdcfc74e wp-block-buttons-is-layout-flex\">\n<div class=\"wp-block-button is-style-primary is-style-outline is-style-outline--1\"><a class=\"wp-block-button__link has-background wp-element-button\" href=\"\/\/armorfreechapter.fr\/afc\/index.php\/nos-motos\/\" style=\"background-color:#e81e1e\">LEARN MORE<\/a><\/div>\n<\/div>\n<\/div>\n<\/div>\n<\/div><\/div>\n<\/div><\/div>\n\n\n\n<div class=\"wp-block-cover alignfull is-light\" style=\"min-height:752px;aspect-ratio:unset;\"><span aria-hidden=\"true\" class=\"wp-block-cover__background has-nv-site-bg-background-color has-background-dim-100 has-background-dim\"><\/span><div class=\"wp-block-cover__inner-container is-layout-flow wp-block-cover-is-layout-flow\">\n<div class=\"wp-block-group\"><div class=\"wp-block-group__inner-container is-layout-flow wp-block-group-is-layout-flow\">\n<div class=\"wp-block-columns are-vertically-aligned-center is-layout-flex wp-container-core-columns-is-layout-9d6595d7 wp-block-columns-is-layout-flex\">\n<div class=\"wp-block-column is-vertically-aligned-center is-layout-flow wp-block-column-is-layout-flow\" style=\"flex-basis:50%\">\n<h2 class=\"wp-block-heading has-text-align-left has-white-color has-text-color\">LA SECURITE<\/h2>\n\n\n\n<p class=\"has-text-align-left has-white-color has-text-color\" style=\"font-size:17px\">On peut compter sur notre SAFETY OFFICER pour garantir une s\u00e9curit\u00e9 optimale lors de nos d\u00e9placements.<\/p>\n\n\n\n<div class=\"wp-block-buttons is-content-justification-left is-layout-flex wp-container-core-buttons-is-layout-fdcfc74e wp-block-buttons-is-layout-flex\">\n<div class=\"wp-block-button is-style-primary is-style-outline is-style-outline--2\"><a class=\"wp-block-button__link has-white-color has-text-color has-background wp-element-button\" href=\"https:\/\/armorfreechapter.fr\/afc\/index.php\/la-securite\/\" style=\"background-color:#e81e25\">LEARN MORE<\/a><\/div>\n<\/div>\n\n\n\n<div style=\"height:40px\" aria-hidden=\"true\" class=\"wp-block-spacer\"><\/div>\n<\/div>\n\n\n\n<div class=\"wp-block-column is-vertically-aligned-center is-layout-flow wp-block-column-is-layout-flow\" style=\"flex-basis:50%\">\n<figure class=\"wp-block-image size-full\"><img loading=\"lazy\" decoding=\"async\" width=\"595\" height=\"842\" src=\"https:\/\/armorfreechapter.fr\/afc\/wp-content\/uploads\/2022\/09\/safety-1.jpg\" alt=\"\" class=\"wp-image-60\" srcset=\"https:\/\/armorfreechapter.fr\/afc\/wp-content\/uploads\/2022\/09\/safety-1.jpg 595w, https:\/\/armorfreechapter.fr\/afc\/wp-content\/uploads\/2022\/09\/safety-1-212x300.jpg 212w\" sizes=\"auto, (max-width: 595px) 100vw, 595px\" \/><\/figure>\n<\/div>\n<\/div>\n<\/div><\/div>\n<\/div><\/div>\n\n\n\n<div class=\"wp-block-cover alignfull is-light\" style=\"min-height:469px;aspect-ratio:unset;\"><span aria-hidden=\"true\" class=\"wp-block-cover__background has-nv-dark-bg-background-color has-background-dim-100 has-background-dim\"><\/span><div class=\"wp-block-cover__inner-container is-layout-flow wp-block-cover-is-layout-flow\">\n<div class=\"wp-block-group\"><div class=\"wp-block-group__inner-container is-layout-flow wp-block-group-is-layout-flow\">\n<div class=\"wp-block-columns are-vertically-aligned-center is-layout-flex wp-container-core-columns-is-layout-9d6595d7 wp-block-columns-is-layout-flex\">\n<div class=\"wp-block-column is-vertically-aligned-center is-layout-flow wp-block-column-is-layout-flow\" style=\"flex-basis:50%\">\n<figure class=\"wp-block-image size-full\"><img loading=\"lazy\" decoding=\"async\" width=\"630\" height=\"444\" src=\"https:\/\/armorfreechapter.fr\/afc\/wp-content\/uploads\/2022\/09\/Edtillrock.jpg\" alt=\"\" class=\"wp-image-62\" srcset=\"https:\/\/armorfreechapter.fr\/afc\/wp-content\/uploads\/2022\/09\/Edtillrock.jpg 630w, https:\/\/armorfreechapter.fr\/afc\/wp-content\/uploads\/2022\/09\/Edtillrock-300x211.jpg 300w\" sizes=\"auto, (max-width: 630px) 100vw, 630px\" \/><\/figure>\n<\/div>\n\n\n\n<div class=\"wp-block-column is-vertically-aligned-center has-white-color has-text-color is-layout-flow wp-block-column-is-layout-flow\" style=\"flex-basis:50%\">\n<div style=\"height:40px\" aria-hidden=\"true\" class=\"wp-block-spacer\"><\/div>\n\n\n\n<h2 class=\"wp-block-heading has-text-align-left has-nv-text-dark-bg-color has-text-color\">Les liens utiles<\/h2>\n\n\n\n<p class=\"has-text-align-left has-nv-text-dark-bg-color has-text-color\" style=\"font-size:17px\">Pour se tenir au courant des nouveaut\u00e9s, des \u00e9quipements moto et motard, des pr\u00e9parations, etc&#8230;<\/p>\n\n\n\n<div class=\"wp-block-buttons is-content-justification-left is-layout-flex wp-container-core-buttons-is-layout-fdcfc74e wp-block-buttons-is-layout-flex\">\n<div class=\"wp-block-button is-style-primary is-style-outline is-style-outline--3\"><a class=\"wp-block-button__link has-white-color has-text-color has-background wp-element-button\" href=\"https:\/\/armorfreechapter.fr\/afc\/index.php\/liens\/\" style=\"background-color:#e81e3a\"><strong>LEARN MORE<\/strong><\/a><\/div>\n<\/div>\n<\/div>\n<\/div>\n\n\n\n<div style=\"height:40px\" aria-hidden=\"true\" class=\"wp-block-spacer\"><\/div>\n<\/div><\/div>\n<\/div><\/div>\n","protected":false},"excerpt":{"rendered":"<p>LES FREE CHAPTERS Les free chapters sont n\u00e9s du besoin de prendre une ind\u00e9pendance vis&#8230; LES MEMBRES Des fondateurs aux nouveaux padawans, ils sont tous l\u00e0 LES EVENEMENTS Depuis la cr\u00e9ation en 2012, les \u00e9v\u00e8nements n&#8217;ont pas manqu\u00e9s, en voici quelques-uns LA CHARTE La charte des Free Chapters: A lire [&hellip;]<\/p>\n","protected":false},"author":1,"featured_media":76,"parent":0,"menu_order":0,"comment_status":"closed","ping_status":"closed","template":"","meta":{"footnotes":""},"class_list":["post-7","page","type-page","status-publish","has-post-thumbnail","hentry"],"_links":{"self":[{"href":"https:\/\/armorfreechapter.fr\/afc\/index.php\/wp-json\/wp\/v2\/pages\/7","targetHints":{"allow":["GET"]}}],"collection":[{"href":"https:\/\/armorfreechapter.fr\/afc\/index.php\/wp-json\/wp\/v2\/pages"}],"about":[{"href":"https:\/\/armorfreechapter.fr\/afc\/index.php\/wp-json\/wp\/v2\/types\/page"}],"author":[{"embeddable":true,"href":"https:\/\/armorfreechapter.fr\/afc\/index.php\/wp-json\/wp\/v2\/users\/1"}],"replies":[{"embeddable":true,"href":"https:\/\/armorfreechapter.fr\/afc\/index.php\/wp-json\/wp\/v2\/comments?post=7"}],"version-history":[{"count":43,"href":"https:\/\/armorfreechapter.fr\/afc\/index.php\/wp-json\/wp\/v2\/pages\/7\/revisions"}],"predecessor-version":[{"id":1142,"href":"https:\/\/armorfreechapter.fr\/afc\/index.php\/wp-json\/wp\/v2\/pages\/7\/revisions\/1142"}],"wp:featuredmedia":[{"embeddable":true,"href":"https:\/\/armorfreechapter.fr\/afc\/index.php\/wp-json\/wp\/v2\/media\/76"}],"wp:attachment":[{"href":"https:\/\/armorfreechapter.fr\/afc\/index.php\/wp-json\/wp\/v2\/media?parent=7"}],"curies":[{"name":"wp","href":"https:\/\/api.w.org\/{rel}","templated":true}]}}