{"id":542,"date":"2022-10-12T22:40:01","date_gmt":"2022-10-12T20:40:01","guid":{"rendered":"http:\/\/armorfreechapter.fr\/afc\/?page_id=542"},"modified":"2022-11-02T21:29:24","modified_gmt":"2022-11-02T20:29:24","slug":"2018-2","status":"publish","type":"page","link":"https:\/\/armorfreechapter.fr\/afc\/index.php\/2018-2\/","title":{"rendered":"2018"},"content":{"rendered":"\n<p class=\"has-accent-color has-text-color\"><strong>Octobre 2018 :<\/strong> PADAWAN CLIGNO, REJANE, MARINA ET J&#8217;U<\/p>\n\n\n\n<figure class=\"wp-block-gallery has-nested-images columns-default is-cropped wp-block-gallery-1 is-layout-flex wp-block-gallery-is-layout-flex\">\n<figure class=\"wp-block-image size-large\"><a href=\"https:\/\/armorfreechapter.fr\/afc\/wp-content\/uploads\/2022\/11\/20181021_095010-scaled.jpg\"><img loading=\"lazy\" decoding=\"async\" width=\"1024\" height=\"576\" data-id=\"668\" src=\"https:\/\/armorfreechapter.fr\/afc\/wp-content\/uploads\/2022\/11\/20181021_095010-1024x576.jpg\" alt=\"\" class=\"wp-image-668\" srcset=\"https:\/\/armorfreechapter.fr\/afc\/wp-content\/uploads\/2022\/11\/20181021_095010-1024x576.jpg 1024w, https:\/\/armorfreechapter.fr\/afc\/wp-content\/uploads\/2022\/11\/20181021_095010-300x169.jpg 300w, https:\/\/armorfreechapter.fr\/afc\/wp-content\/uploads\/2022\/11\/20181021_095010-768x432.jpg 768w, https:\/\/armorfreechapter.fr\/afc\/wp-content\/uploads\/2022\/11\/20181021_095010-1536x864.jpg 1536w, https:\/\/armorfreechapter.fr\/afc\/wp-content\/uploads\/2022\/11\/20181021_095010-2048x1152.jpg 2048w\" sizes=\"auto, (max-width: 1024px) 100vw, 1024px\" \/><\/a><\/figure>\n\n\n\n<figure class=\"wp-block-image size-large\"><img loading=\"lazy\" decoding=\"async\" width=\"1024\" height=\"768\" data-id=\"671\" src=\"https:\/\/armorfreechapter.fr\/afc\/wp-content\/uploads\/2022\/11\/20181020_122232-1024x768.jpg\" alt=\"\" class=\"wp-image-671\" srcset=\"https:\/\/armorfreechapter.fr\/afc\/wp-content\/uploads\/2022\/11\/20181020_122232-1024x768.jpg 1024w, https:\/\/armorfreechapter.fr\/afc\/wp-content\/uploads\/2022\/11\/20181020_122232-300x225.jpg 300w, https:\/\/armorfreechapter.fr\/afc\/wp-content\/uploads\/2022\/11\/20181020_122232-768x576.jpg 768w, https:\/\/armorfreechapter.fr\/afc\/wp-content\/uploads\/2022\/11\/20181020_122232-1536x1152.jpg 1536w, https:\/\/armorfreechapter.fr\/afc\/wp-content\/uploads\/2022\/11\/20181020_122232-2048x1536.jpg 2048w\" sizes=\"auto, (max-width: 1024px) 100vw, 1024px\" \/><\/figure>\n\n\n\n<figure class=\"wp-block-image size-large\"><a href=\"https:\/\/armorfreechapter.fr\/afc\/wp-content\/uploads\/2022\/11\/20181020_235639-scaled.jpg\"><img loading=\"lazy\" decoding=\"async\" width=\"1024\" height=\"576\" data-id=\"669\" src=\"https:\/\/armorfreechapter.fr\/afc\/wp-content\/uploads\/2022\/11\/20181020_235639-1024x576.jpg\" alt=\"\" class=\"wp-image-669\" srcset=\"https:\/\/armorfreechapter.fr\/afc\/wp-content\/uploads\/2022\/11\/20181020_235639-1024x576.jpg 1024w, https:\/\/armorfreechapter.fr\/afc\/wp-content\/uploads\/2022\/11\/20181020_235639-300x169.jpg 300w, https:\/\/armorfreechapter.fr\/afc\/wp-content\/uploads\/2022\/11\/20181020_235639-768x432.jpg 768w, https:\/\/armorfreechapter.fr\/afc\/wp-content\/uploads\/2022\/11\/20181020_235639-1536x864.jpg 1536w, https:\/\/armorfreechapter.fr\/afc\/wp-content\/uploads\/2022\/11\/20181020_235639-2048x1152.jpg 2048w\" sizes=\"auto, (max-width: 1024px) 100vw, 1024px\" \/><\/a><\/figure>\n<figcaption class=\"blocks-gallery-caption wp-element-caption\">Belle padawan en suivant la vilaine jusqu&#8217;\u00e0 la mer, soir\u00e9e de folie avec les (quelques) locaux<\/figcaption><\/figure>\n\n\n\n<p class=\"has-accent-color has-text-color\"><strong>Octobre 2018 : <\/strong>LES 10 ans des BLACK DOG KILLERS<\/p>\n\n\n\n<figure class=\"wp-block-gallery has-nested-images columns-default is-cropped wp-block-gallery-2 is-layout-flex wp-block-gallery-is-layout-flex\">\n<figure class=\"wp-block-image size-large\"><a href=\"https:\/\/armorfreechapter.fr\/afc\/wp-content\/uploads\/2022\/11\/20181006_115530-scaled.jpg\"><img loading=\"lazy\" decoding=\"async\" width=\"1024\" height=\"768\" data-id=\"659\" src=\"https:\/\/armorfreechapter.fr\/afc\/wp-content\/uploads\/2022\/11\/20181006_115530-1024x768.jpg\" alt=\"\" class=\"wp-image-659\" srcset=\"https:\/\/armorfreechapter.fr\/afc\/wp-content\/uploads\/2022\/11\/20181006_115530-1024x768.jpg 1024w, https:\/\/armorfreechapter.fr\/afc\/wp-content\/uploads\/2022\/11\/20181006_115530-300x225.jpg 300w, https:\/\/armorfreechapter.fr\/afc\/wp-content\/uploads\/2022\/11\/20181006_115530-768x576.jpg 768w, https:\/\/armorfreechapter.fr\/afc\/wp-content\/uploads\/2022\/11\/20181006_115530-1536x1152.jpg 1536w, https:\/\/armorfreechapter.fr\/afc\/wp-content\/uploads\/2022\/11\/20181006_115530-2048x1536.jpg 2048w\" sizes=\"auto, (max-width: 1024px) 100vw, 1024px\" \/><\/a><\/figure>\n\n\n\n<figure class=\"wp-block-image size-large\"><a href=\"https:\/\/armorfreechapter.fr\/afc\/wp-content\/uploads\/2022\/11\/20181005_233728-scaled.jpg\"><img loading=\"lazy\" decoding=\"async\" width=\"1024\" height=\"768\" data-id=\"658\" src=\"https:\/\/armorfreechapter.fr\/afc\/wp-content\/uploads\/2022\/11\/20181005_233728-1024x768.jpg\" alt=\"\" class=\"wp-image-658\" srcset=\"https:\/\/armorfreechapter.fr\/afc\/wp-content\/uploads\/2022\/11\/20181005_233728-1024x768.jpg 1024w, https:\/\/armorfreechapter.fr\/afc\/wp-content\/uploads\/2022\/11\/20181005_233728-300x225.jpg 300w, https:\/\/armorfreechapter.fr\/afc\/wp-content\/uploads\/2022\/11\/20181005_233728-768x576.jpg 768w, https:\/\/armorfreechapter.fr\/afc\/wp-content\/uploads\/2022\/11\/20181005_233728-1536x1152.jpg 1536w, https:\/\/armorfreechapter.fr\/afc\/wp-content\/uploads\/2022\/11\/20181005_233728-2048x1536.jpg 2048w\" sizes=\"auto, (max-width: 1024px) 100vw, 1024px\" \/><\/a><\/figure>\n\n\n\n<figure class=\"wp-block-image size-large\"><a href=\"https:\/\/armorfreechapter.fr\/afc\/wp-content\/uploads\/2022\/11\/20181005_233642-scaled.jpg\"><img loading=\"lazy\" decoding=\"async\" width=\"1024\" height=\"576\" data-id=\"657\" src=\"https:\/\/armorfreechapter.fr\/afc\/wp-content\/uploads\/2022\/11\/20181005_233642-1024x576.jpg\" alt=\"\" class=\"wp-image-657\" srcset=\"https:\/\/armorfreechapter.fr\/afc\/wp-content\/uploads\/2022\/11\/20181005_233642-1024x576.jpg 1024w, https:\/\/armorfreechapter.fr\/afc\/wp-content\/uploads\/2022\/11\/20181005_233642-300x169.jpg 300w, https:\/\/armorfreechapter.fr\/afc\/wp-content\/uploads\/2022\/11\/20181005_233642-768x432.jpg 768w, https:\/\/armorfreechapter.fr\/afc\/wp-content\/uploads\/2022\/11\/20181005_233642-1536x864.jpg 1536w, https:\/\/armorfreechapter.fr\/afc\/wp-content\/uploads\/2022\/11\/20181005_233642-2048x1152.jpg 2048w\" sizes=\"auto, (max-width: 1024px) 100vw, 1024px\" \/><\/a><\/figure>\n<figcaption class=\"blocks-gallery-caption wp-element-caption\">On en a d\u00e9couvert des choses dans le Ch&#8217;Nord : du picon bi\u00e8re, des estaminets et du maroual !!<\/figcaption><\/figure>\n\n\n\n<p class=\"has-accent-color has-text-color has-medium-font-size\"><strong>Ao\u00fbt 2018 <\/strong>: LE BIG TRIP USA , la route du blues<\/p>\n\n\n\n<figure class=\"wp-block-embed is-type-video is-provider-youtube wp-block-embed-youtube wp-embed-aspect-16-9 wp-has-aspect-ratio\"><div class=\"wp-block-embed__wrapper\">\n<iframe loading=\"lazy\" title=\"USA trip 2018 version longue\" width=\"750\" height=\"422\" src=\"https:\/\/www.youtube.com\/embed\/NxLjzgvMyRs?feature=oembed\" frameborder=\"0\" allow=\"accelerometer; autoplay; clipboard-write; encrypted-media; gyroscope; picture-in-picture; web-share\" allowfullscreen><\/iframe>\n<\/div><\/figure>\n\n\n\n<p>Un road trip g\u00e9nial avec des rencontres improbables et une ambiance parfaite entre participants.<\/p>\n\n\n\n<p class=\"has-accent-color has-text-color has-medium-font-size\"><strong>Juin 2018 : <\/strong>LES 15 ans du 1st FREE CHAPTER BORDEAUX<\/p>\n\n\n\n<figure class=\"wp-block-gallery has-nested-images columns-default is-cropped wp-block-gallery-3 is-layout-flex wp-block-gallery-is-layout-flex\">\n<figure class=\"wp-block-image size-large\"><a href=\"https:\/\/armorfreechapter.fr\/afc\/wp-content\/uploads\/2022\/11\/20180624_085612-scaled.jpg\"><img loading=\"lazy\" decoding=\"async\" width=\"1024\" height=\"768\" data-id=\"653\" src=\"https:\/\/armorfreechapter.fr\/afc\/wp-content\/uploads\/2022\/11\/20180624_085612-1024x768.jpg\" alt=\"\" class=\"wp-image-653\" srcset=\"https:\/\/armorfreechapter.fr\/afc\/wp-content\/uploads\/2022\/11\/20180624_085612-1024x768.jpg 1024w, https:\/\/armorfreechapter.fr\/afc\/wp-content\/uploads\/2022\/11\/20180624_085612-300x225.jpg 300w, https:\/\/armorfreechapter.fr\/afc\/wp-content\/uploads\/2022\/11\/20180624_085612-768x576.jpg 768w, https:\/\/armorfreechapter.fr\/afc\/wp-content\/uploads\/2022\/11\/20180624_085612-1536x1152.jpg 1536w, https:\/\/armorfreechapter.fr\/afc\/wp-content\/uploads\/2022\/11\/20180624_085612-2048x1536.jpg 2048w\" sizes=\"auto, (max-width: 1024px) 100vw, 1024px\" \/><\/a><\/figure>\n\n\n\n<figure class=\"wp-block-image size-large\"><a href=\"https:\/\/armorfreechapter.fr\/afc\/wp-content\/uploads\/2022\/11\/20180623_104838-scaled.jpg\"><img loading=\"lazy\" decoding=\"async\" width=\"576\" height=\"1024\" data-id=\"652\" src=\"https:\/\/armorfreechapter.fr\/afc\/wp-content\/uploads\/2022\/11\/20180623_104838-576x1024.jpg\" alt=\"\" class=\"wp-image-652\" srcset=\"https:\/\/armorfreechapter.fr\/afc\/wp-content\/uploads\/2022\/11\/20180623_104838-576x1024.jpg 576w, https:\/\/armorfreechapter.fr\/afc\/wp-content\/uploads\/2022\/11\/20180623_104838-169x300.jpg 169w, https:\/\/armorfreechapter.fr\/afc\/wp-content\/uploads\/2022\/11\/20180623_104838-768x1365.jpg 768w, https:\/\/armorfreechapter.fr\/afc\/wp-content\/uploads\/2022\/11\/20180623_104838-864x1536.jpg 864w, https:\/\/armorfreechapter.fr\/afc\/wp-content\/uploads\/2022\/11\/20180623_104838-1152x2048.jpg 1152w, https:\/\/armorfreechapter.fr\/afc\/wp-content\/uploads\/2022\/11\/20180623_104838-scaled.jpg 1440w\" sizes=\"auto, (max-width: 576px) 100vw, 576px\" \/><\/a><\/figure>\n\n\n\n<figure class=\"wp-block-image size-large\"><img loading=\"lazy\" decoding=\"async\" width=\"1024\" height=\"576\" data-id=\"654\" src=\"https:\/\/armorfreechapter.fr\/afc\/wp-content\/uploads\/2022\/11\/20180623_115029-1024x576.jpg\" alt=\"\" class=\"wp-image-654\" srcset=\"https:\/\/armorfreechapter.fr\/afc\/wp-content\/uploads\/2022\/11\/20180623_115029-1024x576.jpg 1024w, https:\/\/armorfreechapter.fr\/afc\/wp-content\/uploads\/2022\/11\/20180623_115029-300x169.jpg 300w, https:\/\/armorfreechapter.fr\/afc\/wp-content\/uploads\/2022\/11\/20180623_115029-768x432.jpg 768w, https:\/\/armorfreechapter.fr\/afc\/wp-content\/uploads\/2022\/11\/20180623_115029-1536x864.jpg 1536w, https:\/\/armorfreechapter.fr\/afc\/wp-content\/uploads\/2022\/11\/20180623_115029-2048x1152.jpg 2048w\" sizes=\"auto, (max-width: 1024px) 100vw, 1024px\" \/><\/figure>\n\n\n\n<figure class=\"wp-block-image size-large\"><a href=\"https:\/\/armorfreechapter.fr\/afc\/wp-content\/uploads\/2022\/11\/20180623_210647-scaled.jpg\"><img loading=\"lazy\" decoding=\"async\" width=\"1024\" height=\"576\" data-id=\"651\" src=\"https:\/\/armorfreechapter.fr\/afc\/wp-content\/uploads\/2022\/11\/20180623_210647-1024x576.jpg\" alt=\"\" class=\"wp-image-651\" srcset=\"https:\/\/armorfreechapter.fr\/afc\/wp-content\/uploads\/2022\/11\/20180623_210647-1024x576.jpg 1024w, https:\/\/armorfreechapter.fr\/afc\/wp-content\/uploads\/2022\/11\/20180623_210647-300x169.jpg 300w, https:\/\/armorfreechapter.fr\/afc\/wp-content\/uploads\/2022\/11\/20180623_210647-768x432.jpg 768w, https:\/\/armorfreechapter.fr\/afc\/wp-content\/uploads\/2022\/11\/20180623_210647-1536x864.jpg 1536w, https:\/\/armorfreechapter.fr\/afc\/wp-content\/uploads\/2022\/11\/20180623_210647-2048x1152.jpg 2048w\" sizes=\"auto, (max-width: 1024px) 100vw, 1024px\" \/><\/a><\/figure>\n<\/figure>\n\n\n\n<p>Un fabuleux \u00e9v\u00e8nement que ces 15 ans : du beau monde, de belles f\u00eates, de belles b\u00e9canes, le tout \u00e0 une dizaine de bornes de Monta.<\/p>\n\n\n\n<p class=\"has-accent-color has-text-color\"><strong>Avril 2018 :<\/strong> PADAWAN PAILLETTE &amp; VIROLO \u00e0 Jersey<\/p>\n\n\n\n<figure class=\"wp-block-gallery has-nested-images columns-default is-cropped wp-block-gallery-4 is-layout-flex wp-block-gallery-is-layout-flex\">\n<figure class=\"wp-block-image size-large\"><a href=\"https:\/\/armorfreechapter.fr\/afc\/wp-content\/uploads\/2022\/11\/20180420_213551-scaled.jpg\"><img loading=\"lazy\" decoding=\"async\" width=\"768\" height=\"1024\" data-id=\"676\" src=\"https:\/\/armorfreechapter.fr\/afc\/wp-content\/uploads\/2022\/11\/20180420_213551-768x1024.jpg\" alt=\"\" class=\"wp-image-676\" srcset=\"https:\/\/armorfreechapter.fr\/afc\/wp-content\/uploads\/2022\/11\/20180420_213551-768x1024.jpg 768w, https:\/\/armorfreechapter.fr\/afc\/wp-content\/uploads\/2022\/11\/20180420_213551-225x300.jpg 225w, https:\/\/armorfreechapter.fr\/afc\/wp-content\/uploads\/2022\/11\/20180420_213551-1152x1536.jpg 1152w, https:\/\/armorfreechapter.fr\/afc\/wp-content\/uploads\/2022\/11\/20180420_213551-1536x2048.jpg 1536w, https:\/\/armorfreechapter.fr\/afc\/wp-content\/uploads\/2022\/11\/20180420_213551-scaled.jpg 1920w\" sizes=\"auto, (max-width: 768px) 100vw, 768px\" \/><\/a><\/figure>\n\n\n\n<figure class=\"wp-block-image size-large\"><a href=\"https:\/\/armorfreechapter.fr\/afc\/wp-content\/uploads\/2022\/11\/20180421_122953-scaled.jpg\"><img loading=\"lazy\" decoding=\"async\" width=\"1024\" height=\"576\" data-id=\"678\" src=\"https:\/\/armorfreechapter.fr\/afc\/wp-content\/uploads\/2022\/11\/20180421_122953-1024x576.jpg\" alt=\"\" class=\"wp-image-678\" srcset=\"https:\/\/armorfreechapter.fr\/afc\/wp-content\/uploads\/2022\/11\/20180421_122953-1024x576.jpg 1024w, https:\/\/armorfreechapter.fr\/afc\/wp-content\/uploads\/2022\/11\/20180421_122953-300x169.jpg 300w, https:\/\/armorfreechapter.fr\/afc\/wp-content\/uploads\/2022\/11\/20180421_122953-768x432.jpg 768w, https:\/\/armorfreechapter.fr\/afc\/wp-content\/uploads\/2022\/11\/20180421_122953-1536x864.jpg 1536w, https:\/\/armorfreechapter.fr\/afc\/wp-content\/uploads\/2022\/11\/20180421_122953-2048x1152.jpg 2048w\" sizes=\"auto, (max-width: 1024px) 100vw, 1024px\" \/><\/a><\/figure>\n\n\n\n<figure class=\"wp-block-image size-large\"><a href=\"https:\/\/armorfreechapter.fr\/afc\/wp-content\/uploads\/2022\/11\/20180421_125137-scaled.jpg\"><img loading=\"lazy\" decoding=\"async\" width=\"1024\" height=\"768\" data-id=\"677\" src=\"https:\/\/armorfreechapter.fr\/afc\/wp-content\/uploads\/2022\/11\/20180421_125137-1024x768.jpg\" alt=\"\" class=\"wp-image-677\" srcset=\"https:\/\/armorfreechapter.fr\/afc\/wp-content\/uploads\/2022\/11\/20180421_125137-1024x768.jpg 1024w, https:\/\/armorfreechapter.fr\/afc\/wp-content\/uploads\/2022\/11\/20180421_125137-300x225.jpg 300w, https:\/\/armorfreechapter.fr\/afc\/wp-content\/uploads\/2022\/11\/20180421_125137-768x576.jpg 768w, https:\/\/armorfreechapter.fr\/afc\/wp-content\/uploads\/2022\/11\/20180421_125137-1536x1152.jpg 1536w, https:\/\/armorfreechapter.fr\/afc\/wp-content\/uploads\/2022\/11\/20180421_125137-2048x1536.jpg 2048w\" sizes=\"auto, (max-width: 1024px) 100vw, 1024px\" \/><\/a><\/figure>\n\n\n\n<figure class=\"wp-block-image size-large\"><a href=\"https:\/\/armorfreechapter.fr\/afc\/wp-content\/uploads\/2022\/11\/20180421_153008.jpg\"><img loading=\"lazy\" decoding=\"async\" width=\"1024\" height=\"853\" data-id=\"675\" src=\"https:\/\/armorfreechapter.fr\/afc\/wp-content\/uploads\/2022\/11\/20180421_153008-1024x853.jpg\" alt=\"\" class=\"wp-image-675\" srcset=\"https:\/\/armorfreechapter.fr\/afc\/wp-content\/uploads\/2022\/11\/20180421_153008-1024x853.jpg 1024w, https:\/\/armorfreechapter.fr\/afc\/wp-content\/uploads\/2022\/11\/20180421_153008-300x250.jpg 300w, https:\/\/armorfreechapter.fr\/afc\/wp-content\/uploads\/2022\/11\/20180421_153008-768x640.jpg 768w, https:\/\/armorfreechapter.fr\/afc\/wp-content\/uploads\/2022\/11\/20180421_153008-1536x1279.jpg 1536w, https:\/\/armorfreechapter.fr\/afc\/wp-content\/uploads\/2022\/11\/20180421_153008-2048x1706.jpg 2048w\" sizes=\"auto, (max-width: 1024px) 100vw, 1024px\" \/><\/a><\/figure>\n\n\n\n<figure class=\"wp-block-image size-large\"><a href=\"https:\/\/armorfreechapter.fr\/afc\/wp-content\/uploads\/2022\/11\/20180422_101439-scaled.jpg\"><img loading=\"lazy\" decoding=\"async\" width=\"1024\" height=\"768\" data-id=\"674\" src=\"https:\/\/armorfreechapter.fr\/afc\/wp-content\/uploads\/2022\/11\/20180422_101439-1024x768.jpg\" alt=\"\" class=\"wp-image-674\" srcset=\"https:\/\/armorfreechapter.fr\/afc\/wp-content\/uploads\/2022\/11\/20180422_101439-1024x768.jpg 1024w, https:\/\/armorfreechapter.fr\/afc\/wp-content\/uploads\/2022\/11\/20180422_101439-300x225.jpg 300w, https:\/\/armorfreechapter.fr\/afc\/wp-content\/uploads\/2022\/11\/20180422_101439-768x576.jpg 768w, https:\/\/armorfreechapter.fr\/afc\/wp-content\/uploads\/2022\/11\/20180422_101439-1536x1152.jpg 1536w, https:\/\/armorfreechapter.fr\/afc\/wp-content\/uploads\/2022\/11\/20180422_101439-2048x1536.jpg 2048w\" sizes=\"auto, (max-width: 1024px) 100vw, 1024px\" \/><\/a><\/figure>\n<figcaption class=\"blocks-gallery-caption wp-element-caption\">Une Padawan originale qui nous a men\u00e9 \u00e0 Jersey o\u00f9 les bikers locaux (du HOG) nous accueillaient pour un weekend extraordinaire.<\/figcaption><\/figure>\n\n\n\n<p class=\"has-accent-color has-text-color\"><strong>Avril 2018 :<\/strong>FRANK MARGERIN \u00e0 Perros !<\/p>\n\n\n\n<figure class=\"wp-block-gallery has-nested-images columns-default is-cropped wp-block-gallery-5 is-layout-flex wp-block-gallery-is-layout-flex\">\n<figure class=\"wp-block-image size-large\"><a href=\"https:\/\/armorfreechapter.fr\/afc\/wp-content\/uploads\/2022\/11\/20180415_114926-scaled.jpg\"><img loading=\"lazy\" decoding=\"async\" width=\"1024\" height=\"768\" data-id=\"662\" src=\"https:\/\/armorfreechapter.fr\/afc\/wp-content\/uploads\/2022\/11\/20180415_114926-1024x768.jpg\" alt=\"\" class=\"wp-image-662\" srcset=\"https:\/\/armorfreechapter.fr\/afc\/wp-content\/uploads\/2022\/11\/20180415_114926-1024x768.jpg 1024w, https:\/\/armorfreechapter.fr\/afc\/wp-content\/uploads\/2022\/11\/20180415_114926-300x225.jpg 300w, https:\/\/armorfreechapter.fr\/afc\/wp-content\/uploads\/2022\/11\/20180415_114926-768x576.jpg 768w, https:\/\/armorfreechapter.fr\/afc\/wp-content\/uploads\/2022\/11\/20180415_114926-1536x1152.jpg 1536w, https:\/\/armorfreechapter.fr\/afc\/wp-content\/uploads\/2022\/11\/20180415_114926-2048x1536.jpg 2048w\" sizes=\"auto, (max-width: 1024px) 100vw, 1024px\" \/><\/a><\/figure>\n\n\n\n<figure class=\"wp-block-image size-large\"><a href=\"https:\/\/armorfreechapter.fr\/afc\/wp-content\/uploads\/2022\/11\/20180415_194753-scaled.jpg\"><img loading=\"lazy\" decoding=\"async\" width=\"1024\" height=\"576\" data-id=\"663\" src=\"https:\/\/armorfreechapter.fr\/afc\/wp-content\/uploads\/2022\/11\/20180415_194753-1024x576.jpg\" alt=\"\" class=\"wp-image-663\" srcset=\"https:\/\/armorfreechapter.fr\/afc\/wp-content\/uploads\/2022\/11\/20180415_194753-1024x576.jpg 1024w, https:\/\/armorfreechapter.fr\/afc\/wp-content\/uploads\/2022\/11\/20180415_194753-300x169.jpg 300w, https:\/\/armorfreechapter.fr\/afc\/wp-content\/uploads\/2022\/11\/20180415_194753-768x432.jpg 768w, https:\/\/armorfreechapter.fr\/afc\/wp-content\/uploads\/2022\/11\/20180415_194753-1536x864.jpg 1536w, https:\/\/armorfreechapter.fr\/afc\/wp-content\/uploads\/2022\/11\/20180415_194753-2048x1152.jpg 2048w\" sizes=\"auto, (max-width: 1024px) 100vw, 1024px\" \/><\/a><\/figure>\n<figcaption class=\"blocks-gallery-caption wp-element-caption\">Lucien et Ricky banlieue \u00e9taient pr\u00e9sents, un sacr\u00e9 bon moment!!<\/figcaption><\/figure>\n\n\n\n<p><\/p>\n","protected":false},"excerpt":{"rendered":"<p>Octobre 2018 : PADAWAN CLIGNO, REJANE, MARINA ET J&#8217;U Octobre 2018 : LES 10 ans des BLACK DOG KILLERS Ao\u00fbt 2018 : LE BIG TRIP USA , la route du blues Un road trip g\u00e9nial avec des rencontres improbables et une ambiance parfaite entre participants. Juin 2018 : LES 15 [&hellip;]<\/p>\n","protected":false},"author":1,"featured_media":0,"parent":0,"menu_order":0,"comment_status":"closed","ping_status":"closed","template":"","meta":{"footnotes":""},"class_list":["post-542","page","type-page","status-publish","hentry"],"_links":{"self":[{"href":"https:\/\/armorfreechapter.fr\/afc\/index.php\/wp-json\/wp\/v2\/pages\/542","targetHints":{"allow":["GET"]}}],"collection":[{"href":"https:\/\/armorfreechapter.fr\/afc\/index.php\/wp-json\/wp\/v2\/pages"}],"about":[{"href":"https:\/\/armorfreechapter.fr\/afc\/index.php\/wp-json\/wp\/v2\/types\/page"}],"author":[{"embeddable":true,"href":"https:\/\/armorfreechapter.fr\/afc\/index.php\/wp-json\/wp\/v2\/users\/1"}],"replies":[{"embeddable":true,"href":"https:\/\/armorfreechapter.fr\/afc\/index.php\/wp-json\/wp\/v2\/comments?post=542"}],"version-history":[{"count":11,"href":"https:\/\/armorfreechapter.fr\/afc\/index.php\/wp-json\/wp\/v2\/pages\/542\/revisions"}],"predecessor-version":[{"id":719,"href":"https:\/\/armorfreechapter.fr\/afc\/index.php\/wp-json\/wp\/v2\/pages\/542\/revisions\/719"}],"wp:attachment":[{"href":"https:\/\/armorfreechapter.fr\/afc\/index.php\/wp-json\/wp\/v2\/media?parent=542"}],"curies":[{"name":"wp","href":"https:\/\/api.w.org\/{rel}","templated":true}]}}