{"id":332,"date":"2022-09-27T22:41:39","date_gmt":"2022-09-27T20:41:39","guid":{"rendered":"http:\/\/armorfreechapter.fr\/afc\/?page_id=332"},"modified":"2022-09-27T22:41:40","modified_gmt":"2022-09-27T20:41:40","slug":"nos-evenements","status":"publish","type":"page","link":"https:\/\/armorfreechapter.fr\/afc\/index.php\/nos-evenements\/","title":{"rendered":"NOS EVENEMENTS"},"content":{"rendered":"\n<p>LES 10 ANS DE L&#8217;ARMOR<\/p>\n\n\n\n<figure class=\"wp-block-embed is-type-video is-provider-youtube wp-block-embed-youtube wp-embed-aspect-16-9 wp-has-aspect-ratio\"><div class=\"wp-block-embed__wrapper\">\n<iframe loading=\"lazy\" title=\"10 ANS - ARMOR FRANCE FREE CHAPTER\" width=\"750\" height=\"422\" src=\"https:\/\/www.youtube.com\/embed\/oNeY4iU3T2g?feature=oembed\" frameborder=\"0\" allow=\"accelerometer; autoplay; clipboard-write; encrypted-media; gyroscope; picture-in-picture\" allowfullscreen><\/iframe>\n<\/div><figcaption>Organis\u00e9 \u00e0 Erquy (C\u00f4tes d&#8217;Armor), cet anniversaire s&#8217;est d\u00e9roul\u00e9 sous une soleil \u00e9clatant qui a permis de mettre en lumi\u00e8re les tr\u00e9sors de notre r\u00e9gion. Nos amis des Free&#8217;s ont appr\u00e9ci\u00e9<\/figcaption><\/figure>\n","protected":false},"excerpt":{"rendered":"<p>LES 10 ANS DE L&#8217;ARMOR<\/p>\n","protected":false},"author":1,"featured_media":0,"parent":0,"menu_order":0,"comment_status":"closed","ping_status":"closed","template":"","meta":{"footnotes":""},"class_list":["post-332","page","type-page","status-publish","hentry"],"_links":{"self":[{"href":"https:\/\/armorfreechapter.fr\/afc\/index.php\/wp-json\/wp\/v2\/pages\/332","targetHints":{"allow":["GET"]}}],"collection":[{"href":"https:\/\/armorfreechapter.fr\/afc\/index.php\/wp-json\/wp\/v2\/pages"}],"about":[{"href":"https:\/\/armorfreechapter.fr\/afc\/index.php\/wp-json\/wp\/v2\/types\/page"}],"author":[{"embeddable":true,"href":"https:\/\/armorfreechapter.fr\/afc\/index.php\/wp-json\/wp\/v2\/users\/1"}],"replies":[{"embeddable":true,"href":"https:\/\/armorfreechapter.fr\/afc\/index.php\/wp-json\/wp\/v2\/comments?post=332"}],"version-history":[{"count":1,"href":"https:\/\/armorfreechapter.fr\/afc\/index.php\/wp-json\/wp\/v2\/pages\/332\/revisions"}],"predecessor-version":[{"id":333,"href":"https:\/\/armorfreechapter.fr\/afc\/index.php\/wp-json\/wp\/v2\/pages\/332\/revisions\/333"}],"wp:attachment":[{"href":"https:\/\/armorfreechapter.fr\/afc\/index.php\/wp-json\/wp\/v2\/media?parent=332"}],"curies":[{"name":"wp","href":"https:\/\/api.w.org\/{rel}","templated":true}]}}